{"id":2323,"date":"2019-08-11T08:36:53","date_gmt":"2019-08-11T08:36:53","guid":{"rendered":"http:\/\/www.jazzclubkosz.pl\/?page_id=2323"},"modified":"2019-09-13T12:15:08","modified_gmt":"2019-09-13T12:15:08","slug":"wokalisci","status":"publish","type":"page","link":"http:\/\/www.jazzclubkosz.pl\/?page_id=2323","title":{"rendered":"MSWJ"},"content":{"rendered":"<div class=\"wpb-content-wrapper\"><p>[vc_row][vc_column][vc_facebook][vc_text_separator title=\u201d46 MI\u0118DZYNARODOWE SPOTKANIA WOKALIST\u00d3W JAZZOWYCH\u201d][vc_row_inner][vc_column_inner][\/vc_column_inner][\/vc_row_inner][vc_column_text]<\/p>\n<p style=\"text-align: center;\">JURY 46 MI\u0118DZYNARODOWYCH SPOTKA\u0143 WOKALIST\u00d3W JAZZOWYCH W ZAMO\u015aCIU W SK\u0141ADZIE:<\/p>\n<p style=\"text-align: center;\">KRZYSZTOF BRZ\u00d3ZKA ,BARBARA WIATRZYK,\u00a0JERZY BA\u0141AKUT,\u00a0TADEUSZ N\u0118DZA KUBINIEC<\/p>\n<p style=\"text-align: center;\">POSTANOWI\u0141O PRZYZNA\u0106 NAST\u0118PUJ\u0118CE NAGRODY ORAZ WYR\u00d3ZNIENIA:<\/p>\n<p style=\"text-align: center;\">I NAGRODA \u2013 PIOTR ZUBEK<\/p>\n<p style=\"text-align: center;\">II NAGRODA \u2013 IRENA ZAPOLSKA<\/p>\n<p style=\"text-align: center;\">WYR\u00d3\u017bNIENIA:<\/p>\n<p style=\"text-align: center;\">IGNACY B\u0141A\u017bEJOWSKI<\/p>\n<p style=\"text-align: center;\">MA\u0141GORZATA SALITRA<\/p>\n<p style=\"text-align: center;\">MARIA MA\u0143KOWSKA<\/p>\n<p>Akompaniament:<\/p>\n<p>Tomasz Bia\u0142owolski \u2013 piano<\/p>\n<p>Wojciech Szwugier \u2013 kontrabas<\/p>\n<p>Piotr Skrzy\u0144ski \u2013 perkusja<\/p>\n<p>\u00a0<\/p>\n<p>video: D. G\u0119bala<\/p>\n<p>Zobacz te\u017c playlist\u0119:<\/p>\n<p><a href=\"https:\/\/www.youtube.com\/playlist?list=PLHttCKlLx_JvfS38roJzNaU0kP2wHVQks\">https:\/\/www.youtube.com\/playlist?list=PLHttCKlLx_JvfS38roJzNaU0kP2wHVQks<\/a>[\/vc_column_text][vc_video link=\u201dhttps:\/\/youtu.be\/NXQAMICx7Yc\u201d title=\u201dPiotr Zubek \u2013 I nagroda 46 MSWJ\u201d][vc_video link=\u201dhttps:\/\/youtu.be\/MsgT5tw6dTw\u201d][\/vc_column][\/vc_row][vc_row][vc_column][vc_video link=\u201dhttps:\/\/youtu.be\/3ym8MWvwQP8\u2033][vc_video link=\u201dhttps:\/\/youtu.be\/dMDYOksq05I\u201d title=\u201dIrena Zapolska \u2013 II nagroda 46 MSWJ\u201d][vc_video link=\u201dhttps:\/\/youtu.be\/bJPSezXPQf4\u2033 align=\u201dcenter\u201d title=\u201dRecital \u2013 Gabriela Kundziewicz II nagroda 45 MSWJ 2018\u2033][vc_facebook][\/vc_column][\/vc_row][vc_row][vc_column][vc_video link=\u201dhttps:\/\/youtu.be\/hONFfaFFevo\u201d][vc_video link=\u201dhttps:\/\/youtu.be\/YbVohq1eA_E\u201d][vc_video link=\u201dhttps:\/\/youtu.be\/fJJA6RFfjQw\u201d][vc_video link=\u201dhttps:\/\/youtu.be\/pjDdqF3FkOQ\u201d][vc_video link=\u201dhttps:\/\/youtu.be\/YSe59KJ_Uz4\u2033][\/vc_column][\/vc_row][vc_row][vc_column][vc_video link=\u201dhttps:\/\/youtu.be\/h7wAWeB2N5w\u201d][vc_video link=\u201dhttps:\/\/youtu.be\/a-8NbzMMlEc\u201d][\/vc_column][\/vc_row][vc_row][vc_column][vc_text_separator title=\u201d46 Mi\u0119dzynarodowe Spotkania Wokalist\u00f3w Jazzowych\u201d][vc_single_image image=\u201d2304\u2033 img_size=\u201dmedium\u201d alignment=\u201dcenter\u201d][vc_single_image image=\u201d2320\u2033 img_size=\u201dmedium\u201d alignment=\u201dcenter\u201d title=\u201dRegulamin\u201d][\/vc_column][\/vc_row][vc_row][vc_column][vc_single_image image=\u201d2321\u2033 img_size=\u201dmedium\u201d alignment=\u201dcenter\u201d title=\u201dTherms of Competition\u201d][\/vc_column][\/vc_row]<\/p>\n<\/div>","protected":false},"excerpt":{"rendered":"<p>[vc_row][vc_column][vc_facebook][vc_text_separator title=\u201d46 MI\u0118DZYNARODOWE SPOTKANIA WOKALIST\u00d3W JAZZOWYCH\u201d][vc_row_inner][vc_column_inner][\/vc_column_inner][\/vc_row_inner][vc_column_text] JURY 46 MI\u0118DZYNARODOWYCH SPOTKA\u0143 WOKALIST\u00d3W JAZZOWYCH W ZAMO\u015aCIU W SK\u0141ADZIE: KRZYSZTOF BRZ\u00d3ZKA ,BARBARA WIATRZYK,\u00a0JERZY BA\u0141AKUT,\u00a0TADEUSZ N\u0118DZA KUBINIEC POSTANOWI\u0141O PRZYZNA\u0106 NAST\u0118PUJ\u0118CE NAGRODY ORAZ WYR\u00d3ZNIENIA: I NAGRODA \u2013 PIOTR ZUBEK II NAGRODA \u2013 IRENA ZAPOLSKA WYR\u00d3\u017bNIENIA: IGNACY B\u0141A\u017bEJOWSKI MA\u0141GORZATA SALITRA MARIA MA\u0143KOWSKA Akompaniament: Tomasz Bia\u0142owolski \u2013 piano Wojciech Szwugier \u2013 kontrabas [&hellip;]<\/p>\n","protected":false},"author":1,"featured_media":2304,"parent":0,"menu_order":0,"comment_status":"closed","ping_status":"closed","template":"","meta":{"footnotes":""},"class_list":["post-2323","page","type-page","status-publish","has-post-thumbnail","hentry"],"_links":{"self":[{"href":"http:\/\/www.jazzclubkosz.pl\/index.php?rest_route=\/wp\/v2\/pages\/2323","targetHints":{"allow":["GET"]}}],"collection":[{"href":"http:\/\/www.jazzclubkosz.pl\/index.php?rest_route=\/wp\/v2\/pages"}],"about":[{"href":"http:\/\/www.jazzclubkosz.pl\/index.php?rest_route=\/wp\/v2\/types\/page"}],"author":[{"embeddable":true,"href":"http:\/\/www.jazzclubkosz.pl\/index.php?rest_route=\/wp\/v2\/users\/1"}],"replies":[{"embeddable":true,"href":"http:\/\/www.jazzclubkosz.pl\/index.php?rest_route=%2Fwp%2Fv2%2Fcomments&post=2323"}],"version-history":[{"count":23,"href":"http:\/\/www.jazzclubkosz.pl\/index.php?rest_route=\/wp\/v2\/pages\/2323\/revisions"}],"predecessor-version":[{"id":2497,"href":"http:\/\/www.jazzclubkosz.pl\/index.php?rest_route=\/wp\/v2\/pages\/2323\/revisions\/2497"}],"wp:featuredmedia":[{"embeddable":true,"href":"http:\/\/www.jazzclubkosz.pl\/index.php?rest_route=\/wp\/v2\/media\/2304"}],"wp:attachment":[{"href":"http:\/\/www.jazzclubkosz.pl\/index.php?rest_route=%2Fwp%2Fv2%2Fmedia&parent=2323"}],"curies":[{"name":"wp","href":"https:\/\/api.w.org\/{rel}","templated":true}]}}